{"id":3192,"date":"2025-10-04T09:52:47","date_gmt":"2025-10-04T09:52:47","guid":{"rendered":"https:\/\/corciutatdemallorca.com\/?page_id=3192"},"modified":"2025-10-24T13:56:51","modified_gmt":"2025-10-24T13:56:51","slug":"blog-clone","status":"publish","type":"page","link":"https:\/\/corciutatdemallorca.com\/es\/blog-clone\/","title":{"rendered":"El Cor"},"content":{"rendered":"<div class='flex_column av-8pqwn-bb51cee39b1ab1527785087b8472eb4c av_one_full  avia-builder-el-0  el_before_av_textblock  avia-builder-el-first  first flex_column_div'     ><\/div>\n\n<style type=\"text\/css\" data-created_by=\"avia_inline_auto\" id=\"style-css-av-mgc3lm7z-70d9ce1281c2ec19bcdce572b1ef901b\">\n#top .av_textblock_section.av-mgc3lm7z-70d9ce1281c2ec19bcdce572b1ef901b .avia_textblock{\nfont-size:20px;\n}\n<\/style>\n<section  class='av_textblock_section av-mgc3lm7z-70d9ce1281c2ec19bcdce572b1ef901b'  itemscope=\"itemscope\" itemtype=\"https:\/\/schema.org\/CreativeWork\" ><div class='avia_textblock'  itemprop=\"text\" ><p data-start=\"41\" data-end=\"296\">El <strong data-start=\"44\" data-end=\"70\">Cor Ciutat de Mallorca<\/strong> nace en 2014 de la mano del tenor y director <strong data-start=\"119\" data-end=\"134\">Joan La\u00ednez<\/strong>, con un primer concierto de gospel a la Bas\u00edlica de Sant Francesc de Palma. En sus inicios recorri\u00f3 la isla compartiendo escenario con corales y bandas locales.<\/p>\n<p data-start=\"298\" data-end=\"653\">Un momento clave lleg\u00f3 el 2015 con el estreno en Espa\u00f1a de la obra <em data-start=\"362\" data-end=\"387\">Eternal Light \u2013 Requiem<\/em> de Howard Goodall, y poco despu\u00e9s con el estreno mundial de la <em data-start=\"449\" data-end=\"485\">Simfonia de la Serra de Tramuntana<\/em> de Antonio Mairata. Tambi\u00e9n han interpretado obras destacadas como <em data-start=\"547\" data-end=\"573\">The Mass of the Children<\/em> de John Rutter, la sute sinf\u00f3nica de <em data-start=\"612\" data-end=\"628\">Los Miserables<\/em> y la \u00f3pera <em data-start=\"639\" data-end=\"650\">La Boh\u00e8me<\/em>.<\/p>\n<p data-start=\"655\" data-end=\"1018\">A lo largo de los a\u00f1os han actuado en escenarios emblem\u00e1ticos como la Cripta de la Sagrada Familia, el Teatro Principal de Palma o el Castell de Son Mas. Han colaborado con la <strong data-start=\"824\" data-end=\"863\">Jove Orquestra de les Illes Balears<\/strong>, la <strong data-start=\"868\" data-end=\"910\">Coral Universitat de les Illes Balears<\/strong> y formaciones como el Mallorca Gay Men\u2019s Chorus, y han llevado al gran p\u00fablico abres de Vivaldi, Bach o Puccini.<\/p>\n<p data-start=\"1020\" data-end=\"1328\">Despu\u00e9s de la direcci\u00f3n de Joan La\u00ednez y un breve periodo con <strong>\u00c1lvaro Chaves<\/strong>, el coraz\u00f3n pas\u00f3 en manos de <strong data-start=\"1122\" data-end=\"1139\">Joan Rossell\u00f3<\/strong>, con quien han estrenado nuevas obras y participado en actas institucionales como los <em data-start=\"1219\" data-end=\"1245\">Premis Foment de Turisme<\/em>. Tambi\u00e9n han tenido presencia medi\u00e1tica con el concierto de Navidad televisada por IB3.<\/p>\n<p data-start=\"1330\" data-end=\"1534\">Finalmente, desde <strong data-start=\"1348\" data-end=\"1356\">2025<\/strong>, el Cor Ciutat de Mallorca inicia una nueva etapa bajo la batuta del director <strong data-start=\"1434\" data-end=\"1454\">Joan Ballesteros<\/strong>, manteniendo vivo el esp\u00edritu de compartir la m\u00fasica con todo Mallorca y m\u00e1s all\u00e1.<\/p>\n<\/div><\/section>\n<div class='flex_column av-av_one_full-a961ec8c42a44a397321d1a2224da3ca av_one_full  avia-builder-el-2  el_after_av_textblock  el_before_av_slideshow_full  avia-builder-el-last  first flex_column_div column-top-margin'     ><\/div>\n<\/div><\/div><\/div><!-- close content main div --><\/div><\/div><div id='full_slider_1'  class='avia-fullwidth-slider main_color avia-shadow   avia-builder-el-3  el_after_av_one_full  avia-builder-el-last   slider-not-first container_wrap fullsize'  ><div  class='avia-slideshow av-mh4x0591-e5b8802b3ac61ed58e00fe9f5d1d1c58 avia-slideshow-featured av_slideshow_full avia-slide-slider av-slideshow-ui av-control-default av-slideshow-manual av-loop-once av-loop-manual-endless av-default-height-applied   avia-slideshow-1' data-slideshow-options=\"{&quot;animation&quot;:&quot;slide&quot;,&quot;autoplay&quot;:false,&quot;loop_autoplay&quot;:&quot;once&quot;,&quot;interval&quot;:5,&quot;loop_manual&quot;:&quot;manual-endless&quot;,&quot;autoplay_stopper&quot;:false,&quot;noNavigation&quot;:false,&quot;bg_slider&quot;:false,&quot;keep_padding&quot;:false,&quot;hoverpause&quot;:false,&quot;show_slide_delay&quot;:0}\"  itemprop=\"image\" itemscope=\"itemscope\" itemtype=\"https:\/\/schema.org\/ImageObject\" ><ul class='avia-slideshow-inner' style='padding-bottom: 35.833333333333%;'><li  class='avia-slideshow-slide av-mh4x0591-e5b8802b3ac61ed58e00fe9f5d1d1c58__0  av-single-slide slide-1 slide-odd'><div data-rel='slideshow-1' class='avia-slide-wrap'   ><img decoding=\"async\" class=\"wp-image-3472 avia-img-lazy-loading-not-3472\"  src=\"https:\/\/corciutatdemallorca.com\/wp-content\/uploads\/2025\/10\/WhatsApp-Image-2025-10-06-at-6.21.29-p.-m.-1-1200x430.jpeg\" width=\"1200\" height=\"430\" title='WhatsApp Image 2025-10-06 at 6.21.29\u202fp.\u202fm. (1)' alt='Whatsapp image 2025 10 06 at 6.21.29\u202fp.\u202fm. (1)'  itemprop=\"thumbnailUrl\"   \/><\/div><\/li><\/ul><\/div><\/div>","protected":false},"excerpt":{"rendered":"","protected":false},"author":1,"featured_media":3283,"parent":0,"menu_order":0,"comment_status":"closed","ping_status":"closed","template":"","meta":{"slim_seo":{"facebook_image":"https:\/\/corciutatdemallorca.com\/wp-content\/uploads\/2025\/10\/cover-mallorca-que-ver.jpg-e1759676505519.jpg","twitter_image":"https:\/\/corciutatdemallorca.com\/wp-content\/uploads\/2025\/10\/cover-mallorca-que-ver.jpg-e1759676505519.jpg","title":"El Cor - Cor Ciutat de Mallorca","description":"El Cor Ciutat de Mallorca va n\u00e9ixer el 2014 de la m\u00e0 del tenor i director Joan La\u00ednez , amb un primer concert de gospel a la Bas\u00edlica de Sant Francesc de Palma."},"footnotes":""},"class_list":["post-3192","page","type-page","status-publish","has-post-thumbnail","hentry"],"_links":{"self":[{"href":"https:\/\/corciutatdemallorca.com\/es\/wp-json\/wp\/v2\/pages\/3192","targetHints":{"allow":["GET"]}}],"collection":[{"href":"https:\/\/corciutatdemallorca.com\/es\/wp-json\/wp\/v2\/pages"}],"about":[{"href":"https:\/\/corciutatdemallorca.com\/es\/wp-json\/wp\/v2\/types\/page"}],"author":[{"embeddable":true,"href":"https:\/\/corciutatdemallorca.com\/es\/wp-json\/wp\/v2\/users\/1"}],"replies":[{"embeddable":true,"href":"https:\/\/corciutatdemallorca.com\/es\/wp-json\/wp\/v2\/comments?post=3192"}],"version-history":[{"count":3,"href":"https:\/\/corciutatdemallorca.com\/es\/wp-json\/wp\/v2\/pages\/3192\/revisions"}],"predecessor-version":[{"id":3536,"href":"https:\/\/corciutatdemallorca.com\/es\/wp-json\/wp\/v2\/pages\/3192\/revisions\/3536"}],"wp:featuredmedia":[{"embeddable":true,"href":"https:\/\/corciutatdemallorca.com\/es\/wp-json\/wp\/v2\/media\/3283"}],"wp:attachment":[{"href":"https:\/\/corciutatdemallorca.com\/es\/wp-json\/wp\/v2\/media?parent=3192"}],"curies":[{"name":"wp","href":"https:\/\/api.w.org\/{rel}","templated":true}]}}