{"id":3266,"date":"2025-10-04T13:37:47","date_gmt":"2025-10-04T13:37:47","guid":{"rendered":"https:\/\/corciutatdemallorca.com\/?page_id=3266"},"modified":"2025-10-05T15:13:01","modified_gmt":"2025-10-05T15:13:01","slug":"contacte","status":"publish","type":"page","link":"https:\/\/corciutatdemallorca.com\/es\/contacte\/","title":{"rendered":"Contacto"},"content":{"rendered":"<style type=\"text\/css\" data-created_by=\"avia_inline_auto\" id=\"style-css-av-mgc3lm7z-70d9ce1281c2ec19bcdce572b1ef901b\">\n#top .av_textblock_section.av-mgc3lm7z-70d9ce1281c2ec19bcdce572b1ef901b .avia_textblock{\nfont-size:20px;\n}\n<\/style>\n<section  class='av_textblock_section av-mgc3lm7z-70d9ce1281c2ec19bcdce572b1ef901b'  itemscope=\"itemscope\" itemtype=\"https:\/\/schema.org\/CreativeWork\" ><div class='avia_textblock'  itemprop=\"text\" ><p style=\"text-align: center;\" data-start=\"41\" data-end=\"296\">Cont\u00e1ctanos y te contaremos todas las buenas cosas que podr\u00e1s compartir con nosotros. El <strong>Cor Ciutat de Mallorca<\/strong> te espera por disfrutar cantante y hacer disfrutar a nuestro p\u00fablico. D\u00e9janos informaci\u00f3n sobre ti y te contestaremos muy pronto.<\/p>\n<p style=\"text-align: center;\"><strong>\u00a1Gracias!<\/strong><\/p>\n<\/div><\/section>\n<\/div><\/div><\/div><!-- close content main div --><\/div><\/div><div id='av_section_1'  class='avia-section av-55zggy-b1c3ad31feca22cb38d9721c519fee70 main_color avia-section-no-padding avia-no-border-styling  avia-builder-el-1  el_after_av_textblock  avia-builder-el-last  avia-bg-style-scroll container_wrap fullsize'  ><div class='container av-section-cont-open' ><div class='template-page content  av-content-full alpha units'><div class='post-entry post-entry-type-page post-entry-3266'><div class='entry-content-wrapper clearfix'>\n<div class='flex_column av-42xmwi-dad26eefea3ca17e0121d5a3ed0a8d2f av_one_fifth  avia-builder-el-2  el_before_av_three_fifth  avia-builder-el-first  first flex_column_div'     ><\/div><div class='flex_column av-2dwpea-14efd332b5c4d42986a6d22622a225b1 av_three_fifth  avia-builder-el-3  el_after_av_one_fifth  el_before_av_one_fifth  flex_column_div'     ><\/div><div class='flex_column av-advb6-aa00ae68cbec4307156933c6dc234769 av_one_fifth  avia-builder-el-5  el_after_av_three_fifth  avia-builder-el-last  flex_column_div'     ><\/div>","protected":false},"excerpt":{"rendered":"","protected":false},"author":1,"featured_media":3283,"parent":0,"menu_order":0,"comment_status":"closed","ping_status":"closed","template":"","meta":{"slim_seo":{"facebook_image":"https:\/\/corciutatdemallorca.com\/wp-content\/uploads\/2025\/10\/cover-mallorca-que-ver.jpg-e1759676505519.jpg","twitter_image":"https:\/\/corciutatdemallorca.com\/wp-content\/uploads\/2025\/10\/cover-mallorca-que-ver.jpg-e1759676505519.jpg","title":"Contacte - Cor Ciutat de Mallorca","description":"Contacta'ns i et contarem totes les bones coses que hi podr\u00e0s compartir amb nosaltres. El Cor Ciutat de Mallorca t'espera per disfrutar cantant i fer disfrutar"},"footnotes":""},"class_list":["post-3266","page","type-page","status-publish","has-post-thumbnail","hentry"],"_links":{"self":[{"href":"https:\/\/corciutatdemallorca.com\/es\/wp-json\/wp\/v2\/pages\/3266","targetHints":{"allow":["GET"]}}],"collection":[{"href":"https:\/\/corciutatdemallorca.com\/es\/wp-json\/wp\/v2\/pages"}],"about":[{"href":"https:\/\/corciutatdemallorca.com\/es\/wp-json\/wp\/v2\/types\/page"}],"author":[{"embeddable":true,"href":"https:\/\/corciutatdemallorca.com\/es\/wp-json\/wp\/v2\/users\/1"}],"replies":[{"embeddable":true,"href":"https:\/\/corciutatdemallorca.com\/es\/wp-json\/wp\/v2\/comments?post=3266"}],"version-history":[{"count":2,"href":"https:\/\/corciutatdemallorca.com\/es\/wp-json\/wp\/v2\/pages\/3266\/revisions"}],"predecessor-version":[{"id":3416,"href":"https:\/\/corciutatdemallorca.com\/es\/wp-json\/wp\/v2\/pages\/3266\/revisions\/3416"}],"wp:featuredmedia":[{"embeddable":true,"href":"https:\/\/corciutatdemallorca.com\/es\/wp-json\/wp\/v2\/media\/3283"}],"wp:attachment":[{"href":"https:\/\/corciutatdemallorca.com\/es\/wp-json\/wp\/v2\/media?parent=3266"}],"curies":[{"name":"wp","href":"https:\/\/api.w.org\/{rel}","templated":true}]}}