{"id":3292,"date":"2025-10-04T14:11:17","date_gmt":"2025-10-04T14:11:17","guid":{"rendered":"https:\/\/corciutatdemallorca.com\/?page_id=3292"},"modified":"2025-10-05T15:13:11","modified_gmt":"2025-10-05T15:13:11","slug":"director","status":"publish","type":"page","link":"https:\/\/corciutatdemallorca.com\/es\/director\/","title":{"rendered":"El Director"},"content":{"rendered":"<div class='flex_column av-8pqwn-bb51cee39b1ab1527785087b8472eb4c av_one_full  avia-builder-el-0  el_before_av_one_fourth  avia-builder-el-first  first flex_column_div'     ><\/div>\n<div class='flex_column av-568gkc-8d788c6a6a7b4cfda54851c77a449624 av_one_fourth  avia-builder-el-1  el_after_av_one_full  el_before_av_one_half  first flex_column_div column-top-margin'     ><\/div>\n<div class='flex_column av-4eng3w-5478e74b2632618e0aded02ece1c6611 av_one_half  avia-builder-el-2  el_after_av_one_fourth  el_before_av_one_fourth  flex_column_div column-top-margin'     ><section  class='avia-team-member av-mgcdhqci-6839ac832543d1a93b1dc91260ef4fc5  avia-builder-el-3  avia-builder-el-no-sibling'  itemscope=\"itemscope\" itemtype=\"https:\/\/schema.org\/Person\" ><div class=\"team-img-container\"><img decoding=\"async\" class='wp-image-267 avia-img-lazy-loading-not-267 avia_image avia_image_team' src=\"https:\/\/corciutatdemallorca.com\/wp-content\/uploads\/2022\/07\/foto-autor600.jpg\" alt=''  itemprop=\"image\"   height=\"600\" width=\"600\" srcset=\"https:\/\/corciutatdemallorca.com\/wp-content\/uploads\/2022\/07\/foto-autor600.jpg 600w, https:\/\/corciutatdemallorca.com\/wp-content\/uploads\/2022\/07\/foto-autor600-300x300.jpg 300w, https:\/\/corciutatdemallorca.com\/wp-content\/uploads\/2022\/07\/foto-autor600-80x80.jpg 80w, https:\/\/corciutatdemallorca.com\/wp-content\/uploads\/2022\/07\/foto-autor600-36x36.jpg 36w, https:\/\/corciutatdemallorca.com\/wp-content\/uploads\/2022\/07\/foto-autor600-180x180.jpg 180w\" sizes=\"(max-width: 600px) 100vw, 600px\" \/><\/div><span class='hidden team-member-affiliation'  itemprop=\"affiliation\" >Cor Ciutat de Mallorca<\/span><\/section><\/div>\n<div class='flex_column av-2mtcmk-c91d594753eee85da26f65f7546efee2 av_one_fourth  avia-builder-el-4  el_after_av_one_half  el_before_av_one_full  flex_column_div column-top-margin'     ><\/div>\n<div class='flex_column av-38pvz0-61ef4b9f8069c3817e12958bdf5cd21d av_one_full  avia-builder-el-5  el_after_av_one_fourth  el_before_av_textblock  first flex_column_div column-top-margin'     ><\/div>\n\n<style type=\"text\/css\" data-created_by=\"avia_inline_auto\" id=\"style-css-av-mgc3lm7z-70d9ce1281c2ec19bcdce572b1ef901b\">\n#top .av_textblock_section.av-mgc3lm7z-70d9ce1281c2ec19bcdce572b1ef901b .avia_textblock{\nfont-size:20px;\n}\n<\/style>\n<section  class='av_textblock_section av-mgc3lm7z-70d9ce1281c2ec19bcdce572b1ef901b'  itemscope=\"itemscope\" itemtype=\"https:\/\/schema.org\/CreativeWork\" ><div class='avia_textblock'  itemprop=\"text\" ><p data-start=\"41\" data-end=\"296\"><strong>Joan Ballesteros<\/strong>, Nacido en Val\u00e8ncia, formado en su ciudad natal, Estocolmo y Varese. Director de orquesta, banda y coro. Pianista, compositor y productor musical. Creador del primer posgrado en Espa\u00f1a universitario en direcci\u00f3n de banda (Universitat de Val\u00e8ncia) y en direcci\u00f3n de coro (Universitat de les Illes Balears). Se ha puesto al frente de agrupaciones como JONDE. (Joven Orquesta Nacional de Espa\u00f1a), Bandas Municipales de Barcelona, Oviedo, Ibiza y Badalona. Ha sido director asistente de Gary Graden al S:t Jacobs Kammarkor de Estocolmo. Director del Cor del Conservatori de Felanitx. Creador de las escuelas de direcci\u00f3n de Toledo, Badalona y Navarra. Es gerente de la Banda de Dones de Catalunya y de la JOIB (Jove Orquestra de les Illes Balears). Colabora con lo Centro Superior de M\u00fasica de Galicia (CSM). Director de las escuelas de m\u00fasica de Lloret de Vistalegre (Mallorca) y Sant Joan (Ibiza). Creador de la red internacional de coros Gospel Experience Project. Escritor y conferenciante. Alguno de sus t\u00edtulos, Manual de supervivencia para dirigir un *coro, C\u00f3mo dirigir una banda y no morir en lo intento, Marketing elemental para m\u00fasicos expertos, Organiza-T, Apaga Facebook y vende m\u00e1s. Especialista en marketing musical, did\u00e1ctica de ensayo y finanzas. Autor del blog Pensar la Banda y de Finanzas para llevar. Reside en Ibiza con su familia.<\/p>\n<\/div><\/section>","protected":false},"excerpt":{"rendered":"","protected":false},"author":1,"featured_media":3283,"parent":0,"menu_order":0,"comment_status":"closed","ping_status":"closed","template":"","meta":{"slim_seo":{"facebook_image":"https:\/\/corciutatdemallorca.com\/wp-content\/uploads\/2025\/10\/cover-mallorca-que-ver.jpg-e1759676505519.jpg","twitter_image":"https:\/\/corciutatdemallorca.com\/wp-content\/uploads\/2025\/10\/cover-mallorca-que-ver.jpg-e1759676505519.jpg","title":"El Director - Cor Ciutat de Mallorca","description":"Cor Ciutat de Mallorca Joan Ballesteros , Nascut a Val\u00e8ncia, format a la seva ciutat natal, Estocolm i Varese. Director d\u2019orquestra, banda i cor. Pianista, comp"},"footnotes":""},"class_list":["post-3292","page","type-page","status-publish","has-post-thumbnail","hentry"],"_links":{"self":[{"href":"https:\/\/corciutatdemallorca.com\/es\/wp-json\/wp\/v2\/pages\/3292","targetHints":{"allow":["GET"]}}],"collection":[{"href":"https:\/\/corciutatdemallorca.com\/es\/wp-json\/wp\/v2\/pages"}],"about":[{"href":"https:\/\/corciutatdemallorca.com\/es\/wp-json\/wp\/v2\/types\/page"}],"author":[{"embeddable":true,"href":"https:\/\/corciutatdemallorca.com\/es\/wp-json\/wp\/v2\/users\/1"}],"replies":[{"embeddable":true,"href":"https:\/\/corciutatdemallorca.com\/es\/wp-json\/wp\/v2\/comments?post=3292"}],"version-history":[{"count":2,"href":"https:\/\/corciutatdemallorca.com\/es\/wp-json\/wp\/v2\/pages\/3292\/revisions"}],"predecessor-version":[{"id":3418,"href":"https:\/\/corciutatdemallorca.com\/es\/wp-json\/wp\/v2\/pages\/3292\/revisions\/3418"}],"wp:featuredmedia":[{"embeddable":true,"href":"https:\/\/corciutatdemallorca.com\/es\/wp-json\/wp\/v2\/media\/3283"}],"wp:attachment":[{"href":"https:\/\/corciutatdemallorca.com\/es\/wp-json\/wp\/v2\/media?parent=3292"}],"curies":[{"name":"wp","href":"https:\/\/api.w.org\/{rel}","templated":true}]}}